{"id":88,"date":"2023-08-01T09:23:12","date_gmt":"2023-08-01T09:23:12","guid":{"rendered":"https:\/\/alter-publi.com\/?page_id=88"},"modified":"2026-03-05T11:28:37","modified_gmt":"2026-03-05T11:28:37","slug":"revistas","status":"publish","type":"page","link":"https:\/\/alter-publi.com\/es\/revistas\/","title":{"rendered":"Revistas"},"content":{"rendered":"\n<div class=\"et_pb_section_0 et_pb_section et_pb_fullwidth_section et_section_regular et_block_section et_animated cabecera-pagina\"><section class=\"et_pb_fullwidth_header_0 et_pb_fullwidth_header et_pb_bg_layout_dark et_pb_text_align_left et_pb_module et_flex_module\"><div class=\"et_pb_fullwidth_header_container left\"><div class=\"header-content-container center\"><div class=\"header-content et_flex_module\"><h1 class=\"et_pb_module_header\">Revistas<\/h1><div class=\"et_pb_header_button_wrapper\"><\/div><\/div><\/div><\/div><div class=\"et_pb_fullwidth_header_overlay\"><\/div><div class=\"et_pb_fullwidth_header_scroll\"><\/div><\/section><\/div><div class=\"et_pb_section_1 et_pb_section et_section_regular et_block_section\" id=\"seccion-revistas\"><div class=\"et_pb_row_0 et_pb_row et_pb_row_3-5_1-5_1-5 et_pb_gutters2 et_block_row et_block_row_3-5_1-5_1-5 et_animated\"><div class=\"et_pb_column_0 et_pb_column et_pb_column_3_5 et_block_column et_pb_css_mix_blend_mode_passthrough\"><div class=\"et_pb_text_0 et_pb_text et_pb_bg_layout_light et_pb_module et_block_module texto-contenido texto-revistas\" id=\"texto-revistas-1\"><div class=\"et_pb_text_inner\"><h3><strong>Labores de Ana - T\u00e9cnica punto de cruz<\/strong><\/h3>\n<p><a href=\"https:\/\/www.laslaboresdeana.com\" target=\"_blank\" rel=\"noopener\">www.laslaboresdeana.com<\/a><\/p>\n<p>Hace m\u00e1s de 30 a\u00f1os , con esta publicaci\u00f3n la editorial inici\u00f3 su andadura en el sector de las labores y manualidades.<\/p>\n<p>Revista especializada en bordado a punto de cruz, l\u00edder en el sector de las labores.<\/p>\n<p>Publicaci\u00f3n muy cuidada y de gran calidad para las mujeres m\u00e1s exigentes que buscan labores diferentes ya sean grandes cuadros, manteler\u00edas, toallas, prendas para la cocina, con gr\u00e1ficos y explicaciones claros y detallados.<\/p>\n<p><strong>Target:<\/strong> Mujer 45-65 a\u00f1os<br \/><strong>Periodicidad:<\/strong> 6 ediciones al a\u00f1o - Publicaci\u00f3n bimestral<br \/><strong>P\u00e1ginas:<\/strong>\u00a064 + 4<\/p>\n<\/div><\/div><\/div><div class=\"et_pb_column_1 et_pb_column et_pb_column_1_5 et_block_column et_pb_column_empty et_pb_css_mix_blend_mode_passthrough\"><\/div><div class=\"et_pb_column_2 et_pb_column et_pb_column_1_5 et-last-child et_block_column et_pb_css_mix_blend_mode_passthrough\"><div class=\"et_pb_image_0 et_pb_image et_pb_has_overlay et_pb_module et_block_module\"><a href=\"https:\/\/www.laslaboresdeana.com\" target=\"_blank\"><span class=\"et_pb_image_wrap\"><img loading=\"lazy\" decoding=\"async\" src=\"https:\/\/alter-publi.com\/wp-content\/uploads\/2023\/08\/Labores286.jpg\" width=\"550\" height=\"730\" srcset=\"https:\/\/alter-publi.com\/wp-content\/uploads\/2023\/08\/Labores286.jpg 550w, https:\/\/alter-publi.com\/wp-content\/uploads\/2023\/08\/Labores286-480x637.jpg 480w\" sizes=\"(min-width: 0px) and (max-width: 480px) 480px, (min-width: 481px) 550px, 100vw\" class=\"wp-image-282\" title=\"Labores286\" \/><span class=\"et_overlay et_pb_inline_icon\" data-icon=\"U\"><\/span><\/span><\/a><\/div><\/div><\/div><div class=\"et_pb_row_1 et_pb_row et_pb_row_3-5_1-5_1-5 et_pb_gutters2 et_block_row et_block_row_3-5_1-5_1-5 et_animated\"><div class=\"et_pb_column_3 et_pb_column et_pb_column_3_5 et_block_column et_pb_css_mix_blend_mode_passthrough\"><div class=\"et_pb_text_1 et_pb_text et_pb_bg_layout_light et_pb_module et_block_module texto-contenido texto-revistas\" id=\"texto-revistas-2\"><div class=\"et_pb_text_inner\"><h3><strong>Baby Punto de Cruz - T\u00e9cnica punto de cruz<\/strong><\/h3>\n<p><a href=\"https:\/\/www.babypuntodecruz.com\" target=\"_blank\" rel=\"noopener\">www.babypuntodecruz.com<\/a><\/p>\n<p>Revista de punto de cruz especializada en el mundo del beb\u00e9. Los dise\u00f1os m\u00e1s delicados, canastillas, sabanas, natalicios, medidores, todo para bordar a punto de cruz pensado para el beb\u00e9. Las ideas m\u00e1s originales con gr\u00e1ficos y explicaciones ya sean modernas o tradicionales, se encuentran en esta publicaci\u00f3n \u00fanica en el mercado.<\/p>\n<p><strong>Target:<\/strong> Mujer: 35-60 a\u00f1os<br \/><strong>Periodicidad:<\/strong> 4 ediciones al a\u00f1o - Publicaci\u00f3n trimestral<br \/><strong>P\u00e1ginas:<\/strong> 48<\/p>\n<\/div><\/div><\/div><div class=\"et_pb_column_4 et_pb_column et_pb_column_1_5 et_block_column et_pb_column_empty et_pb_css_mix_blend_mode_passthrough\"><\/div><div class=\"et_pb_column_5 et_pb_column et_pb_column_1_5 et-last-child et_block_column et_pb_css_mix_blend_mode_passthrough\"><div class=\"et_pb_image_1 et_pb_image et_pb_has_overlay et_pb_module et_block_module\"><a href=\"https:\/\/www.babypuntodecruz.com\" target=\"_blank\"><span class=\"et_pb_image_wrap\"><img loading=\"lazy\" decoding=\"async\" src=\"https:\/\/alter-publi.com\/wp-content\/uploads\/2023\/08\/Baby143.jpg\" width=\"550\" height=\"730\" srcset=\"https:\/\/alter-publi.com\/wp-content\/uploads\/2023\/08\/Baby143.jpg 550w, https:\/\/alter-publi.com\/wp-content\/uploads\/2023\/08\/Baby143-480x637.jpg 480w\" sizes=\"(min-width: 0px) and (max-width: 480px) 480px, (min-width: 481px) 550px, 100vw\" class=\"wp-image-285\" title=\"Baby143\" \/><span class=\"et_overlay et_pb_inline_icon\" data-icon=\"U\"><\/span><\/span><\/a><\/div><\/div><\/div><div class=\"et_pb_row_2 et_pb_row et_pb_row_3-5_1-5_1-5 et_pb_gutters2 et_block_row et_block_row_3-5_1-5_1-5 et_animated\"><div class=\"et_pb_column_6 et_pb_column et_pb_column_3_5 et_block_column et_pb_css_mix_blend_mode_passthrough\"><div class=\"et_pb_text_2 et_pb_text et_pb_bg_layout_light et_pb_module et_block_module texto-contenido texto-revistas\" id=\"texto-revistas-2\"><div class=\"et_pb_text_inner\"><h3>Patchwork en Casa \u2013T\u00e9cnica Patchwork y costura creativa<\/h3>\n<p><a href=\"https:\/\/www.patchworkencasa.com\" target=\"_blank\" rel=\"noopener\">www.patchworkencasa.com<\/a><\/p>\n<p>Revista especializada en proyectos de Patchwork y costura creativa. Proyectos para todos los niveles de aprendizaje, se combinan proyectos novedosos y actuales tambi\u00e9n de estilo country y r\u00fastico, para que se adapte a todos los perfiles del lector. Todos los proyectos incluyen explicaciones y patrones paso a paso.<\/p>\n<p><strong>Target:<\/strong> Mujer 45-70 a\u00f1os<br \/><strong>Periodicidad:<\/strong>4 ediciones al a\u00f1o \u2013 Publicaci\u00f3n trimestral<br \/><strong>P\u00e1ginas<\/strong>: 64+4<\/p>\n<\/div><\/div><\/div><div class=\"et_pb_column_7 et_pb_column et_pb_column_1_5 et_block_column et_pb_column_empty et_pb_css_mix_blend_mode_passthrough\"><\/div><div class=\"et_pb_column_8 et_pb_column et_pb_column_1_5 et-last-child et_block_column et_pb_css_mix_blend_mode_passthrough\"><div class=\"et_pb_image_2 et_pb_image et_pb_has_overlay et_pb_module et_block_module\"><a href=\"https:\/\/www.patchworkencasa.com\" target=\"_blank\"><span class=\"et_pb_image_wrap\"><img loading=\"lazy\" decoding=\"async\" src=\"https:\/\/alter-publi.com\/wp-content\/uploads\/2023\/08\/Patchwork69.jpg\" width=\"550\" height=\"730\" srcset=\"https:\/\/alter-publi.com\/wp-content\/uploads\/2023\/08\/Patchwork69.jpg 550w, https:\/\/alter-publi.com\/wp-content\/uploads\/2023\/08\/Patchwork69-480x637.jpg 480w\" sizes=\"(min-width: 0px) and (max-width: 480px) 480px, (min-width: 481px) 550px, 100vw\" class=\"wp-image-288\" title=\"Patchwork69\" \/><span class=\"et_overlay et_pb_inline_icon\" data-icon=\"U\"><\/span><\/span><\/a><\/div><\/div><\/div><div class=\"et_pb_row_3 et_pb_row et_pb_row_3-5_1-5_1-5 et_pb_gutters2 et_block_row et_block_row_3-5_1-5_1-5 et_animated\"><div class=\"et_pb_column_9 et_pb_column et_pb_column_3_5 et_block_column et_pb_css_mix_blend_mode_passthrough\"><div class=\"et_pb_text_3 et_pb_text et_pb_bg_layout_light et_pb_module et_block_module texto-contenido texto-revistas\" id=\"texto-revistas-2\"><div class=\"et_pb_text_inner\"><h3>Tricotar en Casa \u2013T\u00e9cnica Punto de media y ganchillo (crochet)<\/h3>\n<p><a href=\"https:\/\/www.tricotarencasa.com\" target=\"_blank\" rel=\"noopener\">www.tricotarencasa.com<\/a><\/p>\n<p>Revista especializada en punto de media y ganchillo. Cada revista es tem\u00e1tica y los proyectos que se publican son modernos y muy llamativos. Cada proyecto incluye sus explicaciones y el material necesario para realizarlo, tambi\u00e9n los esquemas. Las mejores marcas de lanas y algodones a nivel mundial colaboran con la revista con las \u00faltimas tendencias de dise\u00f1os y proyectos para el hogar,<br \/>la mujer, el beb\u00e9. En cada n\u00famero se incluyen noticias, webs de inter\u00e9s y publirreportajes. Revista de gran \u00e9xito entre las aficionadas al punto y al ganchillo.<\/p>\n<p><strong>Target:<\/strong> Mujer 30-70 a\u00f1os<br \/><strong>Periodicidad:<\/strong> 5 ediciones al a\u00f1o - Publicaci\u00f3n bimestral \u2013 Revistas tem\u00e1ticas<br \/><strong>P\u00e1ginas:<\/strong> 64+4<\/p>\n<\/div><\/div><\/div><div class=\"et_pb_column_10 et_pb_column et_pb_column_1_5 et_block_column et_pb_column_empty et_pb_css_mix_blend_mode_passthrough\"><\/div><div class=\"et_pb_column_11 et_pb_column et_pb_column_1_5 et-last-child et_block_column et_pb_css_mix_blend_mode_passthrough\"><div class=\"et_pb_image_3 et_pb_image et_pb_has_overlay et_pb_module et_block_module\"><a href=\"https:\/\/www.tricotarencasa.com\" target=\"_blank\"><span class=\"et_pb_image_wrap\"><img loading=\"lazy\" decoding=\"async\" src=\"https:\/\/alter-publi.com\/wp-content\/uploads\/2023\/08\/Tricotar55.jpg\" width=\"550\" height=\"730\" srcset=\"https:\/\/alter-publi.com\/wp-content\/uploads\/2023\/08\/Tricotar55.jpg 550w, https:\/\/alter-publi.com\/wp-content\/uploads\/2023\/08\/Tricotar55-480x637.jpg 480w\" sizes=\"(min-width: 0px) and (max-width: 480px) 480px, (min-width: 481px) 550px, 100vw\" class=\"wp-image-290\" title=\"Tricotar55\" \/><span class=\"et_overlay et_pb_inline_icon\" data-icon=\"U\"><\/span><\/span><\/a><\/div><\/div><\/div><\/div><div class=\"et_pb_section_2 et_pb_section et_section_regular et_block_section\" id=\"seccion-otras-revistas\"><div class=\"et_pb_row_4 et_pb_row et_pb_row_3-5_1-5_1-5 et_pb_gutters2 et_block_row et_block_row_3-5_1-5_1-5 et_animated revistas-noprincipales\"><div class=\"et_pb_column_12 et_pb_column et_pb_column_3_5 et_block_column et_pb_css_mix_blend_mode_passthrough\"><div class=\"et_pb_text_4 et_pb_text et_pb_bg_layout_light et_pb_module et_block_module texto-contenido texto-revistas\" id=\"texto-revistas-2\"><div class=\"et_pb_text_inner\"><h3>Revistas especiales tem\u00e1ticas<\/h3>\n<p>Revistas son t\u00e9maticas seg\u00fan su t\u00e9cnica, ya sea punto de cruz, patchwork, crochet, bordado.<br \/>La edici\u00f3n es mensual.<\/p>\n<p><strong>P\u00e1ginas:<\/strong> 48<br \/><strong>Target:<\/strong> Mujer<br \/><strong>Periodicidad:<\/strong> mensual (11 al a\u00f1o)<\/p>\n<p>LAS REVISTAS SON SIEMPRE N\u00ba 1, NO TIENEN CONTINUIDAD<\/p>\n<\/div><\/div><\/div><div class=\"et_pb_column_13 et_pb_column et_pb_column_1_5 et_block_column et_pb_column_empty et_pb_css_mix_blend_mode_passthrough\"><\/div><div class=\"et_pb_column_14 et_pb_column et_pb_column_1_5 et-last-child et_block_column et_pb_css_mix_blend_mode_passthrough\"><div class=\"et_pb_image_4 et_pb_image et_pb_module et_block_module\"><span class=\"et_pb_image_wrap\"><img loading=\"lazy\" decoding=\"async\" src=\"https:\/\/alter-publi.com\/wp-content\/uploads\/2023\/08\/revistes-especials-01.jpg\" width=\"550\" height=\"730\" srcset=\"https:\/\/alter-publi.com\/wp-content\/uploads\/2023\/08\/revistes-especials-01.jpg 550w, https:\/\/alter-publi.com\/wp-content\/uploads\/2023\/08\/revistes-especials-01-480x637.jpg 480w\" sizes=\"(min-width: 0px) and (max-width: 480px) 480px, (min-width: 481px) 550px, 100vw\" class=\"wp-image-320\" title=\"revistes-especials-01\" \/><\/span><\/div><\/div><\/div><div class=\"et_pb_row_5 et_pb_row et_pb_row_3-5_1-5_1-5 et_pb_gutters2 et_block_row et_block_row_3-5_1-5_1-5 et_animated revistas-noprincipales\"><div class=\"et_pb_column_15 et_pb_column et_pb_column_3_5 et_block_column et_pb_css_mix_blend_mode_passthrough\"><div class=\"et_pb_text_5 et_pb_text et_pb_bg_layout_light et_pb_module et_block_module texto-contenido texto-revistas\" id=\"texto-revistas-2\"><div class=\"et_pb_text_inner\"><h3>\u00c1lbums colecci\u00f3n revistas peri\u00f3dicas<\/h3>\n<p>3 revistas del mismo t\u00edtulo y t\u00e9cnica encuadernadas con cubiertas tipo cartulina. Formato \u00c1lbum para coleccionar. El precio es muy atractivo. Cada cabecera de revista tiene su propio \u00e1lbum.<\/p>\n<\/div><\/div><\/div><div class=\"et_pb_column_16 et_pb_column et_pb_column_1_5 et_block_column et_pb_column_empty et_pb_css_mix_blend_mode_passthrough\"><\/div><div class=\"et_pb_column_17 et_pb_column et_pb_column_1_5 et-last-child et_block_column et_pb_css_mix_blend_mode_passthrough\"><div class=\"et_pb_image_5 et_pb_image et_pb_module et_block_module\"><span class=\"et_pb_image_wrap\"><img loading=\"lazy\" decoding=\"async\" src=\"https:\/\/alter-publi.com\/wp-content\/uploads\/2023\/08\/revistes-especials-02.jpg\" width=\"550\" height=\"730\" srcset=\"https:\/\/alter-publi.com\/wp-content\/uploads\/2023\/08\/revistes-especials-02.jpg 550w, https:\/\/alter-publi.com\/wp-content\/uploads\/2023\/08\/revistes-especials-02-480x637.jpg 480w\" sizes=\"(min-width: 0px) and (max-width: 480px) 480px, (min-width: 481px) 550px, 100vw\" class=\"wp-image-322\" title=\"revistes-especials-02\" \/><\/span><\/div><\/div><\/div><div class=\"et_pb_row_6 et_pb_row et_pb_row_3-5_1-5_1-5 et_pb_gutters2 et_block_row et_block_row_3-5_1-5_1-5 et_animated revistas-noprincipales\"><div class=\"et_pb_column_18 et_pb_column et_pb_column_3_5 et_block_column et_pb_css_mix_blend_mode_passthrough\"><div class=\"et_pb_text_6 et_pb_text et_pb_bg_layout_light et_pb_module et_block_module texto-contenido texto-revistas\" id=\"texto-revistas-2\"><div class=\"et_pb_text_inner\"><h3>\u00c1lbums colecci\u00f3n revistas especiales<\/h3>\n<p>3 revistas encuadernadas con cubiertas tipo cartulina. Formato \u00e1lbum para coleccionar. El precio es muy atractivo. Cada cabecera de revista tiene su propio \u00e1lbum.<\/p>\n<\/div><\/div><\/div><div class=\"et_pb_column_19 et_pb_column et_pb_column_1_5 et_block_column et_pb_column_empty et_pb_css_mix_blend_mode_passthrough\"><\/div><div class=\"et_pb_column_20 et_pb_column et_pb_column_1_5 et-last-child et_block_column et_pb_css_mix_blend_mode_passthrough\"><div class=\"et_pb_image_6 et_pb_image et_pb_module et_block_module\"><span class=\"et_pb_image_wrap\"><img loading=\"lazy\" decoding=\"async\" src=\"https:\/\/alter-publi.com\/wp-content\/uploads\/2023\/08\/revistes-especials-03.jpg\" width=\"550\" height=\"730\" srcset=\"https:\/\/alter-publi.com\/wp-content\/uploads\/2023\/08\/revistes-especials-03.jpg 550w, https:\/\/alter-publi.com\/wp-content\/uploads\/2023\/08\/revistes-especials-03-480x637.jpg 480w\" sizes=\"(min-width: 0px) and (max-width: 480px) 480px, (min-width: 481px) 550px, 100vw\" class=\"wp-image-325\" title=\"revistes-especials-03\" \/><\/span><\/div><\/div><\/div><\/div>\n","protected":false},"excerpt":{"rendered":"","protected":false},"author":1,"featured_media":0,"parent":0,"menu_order":0,"comment_status":"closed","ping_status":"closed","template":"","meta":{"footnotes":""},"class_list":["post-88","page","type-page","status-publish","hentry"],"yoast_head":"<!-- This site is optimized with the Yoast SEO plugin v27.6 - https:\/\/yoast.com\/product\/yoast-seo-wordpress\/ -->\n<title>Revistas - Alter Publi<\/title>\n<meta name=\"description\" content=\"Actualmente es una de las editoriales m\u00e1s prestigiosas en revistas de PUNTO DE CRUZ.\" \/>\n<meta name=\"robots\" content=\"index, follow, max-snippet:-1, max-image-preview:large, max-video-preview:-1\" \/>\n<link rel=\"canonical\" href=\"https:\/\/alter-publi.com\/es\/revistas\/\" \/>\n<meta property=\"og:locale\" content=\"es_ES\" \/>\n<meta property=\"og:type\" content=\"article\" \/>\n<meta property=\"og:title\" content=\"Revistas - Alter Publi\" \/>\n<meta property=\"og:description\" content=\"Actualmente es una de las editoriales m\u00e1s prestigiosas en revistas de PUNTO DE CRUZ.\" \/>\n<meta property=\"og:url\" content=\"https:\/\/alter-publi.com\/es\/revistas\/\" \/>\n<meta property=\"og:site_name\" content=\"Alter Publi\" \/>\n<meta property=\"article:modified_time\" content=\"2026-03-05T11:28:37+00:00\" \/>\n<meta name=\"twitter:card\" content=\"summary_large_image\" \/>\n<meta name=\"twitter:label1\" content=\"Tiempo de lectura\" \/>\n\t<meta name=\"twitter:data1\" content=\"4 minutos\" \/>\n<script type=\"application\/ld+json\" class=\"yoast-schema-graph\">{\"@context\":\"https:\\\/\\\/schema.org\",\"@graph\":[{\"@type\":\"WebPage\",\"@id\":\"https:\\\/\\\/alter-publi.com\\\/es\\\/revistas\\\/\",\"url\":\"https:\\\/\\\/alter-publi.com\\\/es\\\/revistas\\\/\",\"name\":\"Revistas - Alter Publi\",\"isPartOf\":{\"@id\":\"https:\\\/\\\/alter-publi.com\\\/es\\\/#website\"},\"datePublished\":\"2023-08-01T09:23:12+00:00\",\"dateModified\":\"2026-03-05T11:28:37+00:00\",\"description\":\"Actualmente es una de las editoriales m\u00e1s prestigiosas en revistas de PUNTO DE CRUZ.\",\"breadcrumb\":{\"@id\":\"https:\\\/\\\/alter-publi.com\\\/es\\\/revistas\\\/#breadcrumb\"},\"inLanguage\":\"es\",\"potentialAction\":[{\"@type\":\"ReadAction\",\"target\":[\"https:\\\/\\\/alter-publi.com\\\/es\\\/revistas\\\/\"]}]},{\"@type\":\"BreadcrumbList\",\"@id\":\"https:\\\/\\\/alter-publi.com\\\/es\\\/revistas\\\/#breadcrumb\",\"itemListElement\":[{\"@type\":\"ListItem\",\"position\":1,\"name\":\"Portada\",\"item\":\"https:\\\/\\\/alter-publi.com\\\/es\\\/\"},{\"@type\":\"ListItem\",\"position\":2,\"name\":\"Revistas\"}]},{\"@type\":\"WebSite\",\"@id\":\"https:\\\/\\\/alter-publi.com\\\/es\\\/#website\",\"url\":\"https:\\\/\\\/alter-publi.com\\\/es\\\/\",\"name\":\"Alter Publi\",\"description\":\"Actualmente es una de las editoriales m\u00e1s prestigiosas en revistas de PUNTO DE CRUZ.\",\"publisher\":{\"@id\":\"https:\\\/\\\/alter-publi.com\\\/es\\\/#organization\"},\"potentialAction\":[{\"@type\":\"SearchAction\",\"target\":{\"@type\":\"EntryPoint\",\"urlTemplate\":\"https:\\\/\\\/alter-publi.com\\\/es\\\/?s={search_term_string}\"},\"query-input\":{\"@type\":\"PropertyValueSpecification\",\"valueRequired\":true,\"valueName\":\"search_term_string\"}}],\"inLanguage\":\"es\"},{\"@type\":\"Organization\",\"@id\":\"https:\\\/\\\/alter-publi.com\\\/es\\\/#organization\",\"name\":\"Alternativas Publicitarias\",\"url\":\"https:\\\/\\\/alter-publi.com\\\/es\\\/\",\"logo\":{\"@type\":\"ImageObject\",\"inLanguage\":\"es\",\"@id\":\"https:\\\/\\\/alter-publi.com\\\/es\\\/#\\\/schema\\\/logo\\\/image\\\/\",\"url\":\"https:\\\/\\\/alter-publi.com\\\/wp-content\\\/uploads\\\/2023\\\/07\\\/logo-alternativas.webp\",\"contentUrl\":\"https:\\\/\\\/alter-publi.com\\\/wp-content\\\/uploads\\\/2023\\\/07\\\/logo-alternativas.webp\",\"width\":118,\"height\":34,\"caption\":\"Alternativas Publicitarias\"},\"image\":{\"@id\":\"https:\\\/\\\/alter-publi.com\\\/es\\\/#\\\/schema\\\/logo\\\/image\\\/\"}}]}<\/script>\n<!-- \/ Yoast SEO plugin. -->","yoast_head_json":{"title":"Revistas - Alter Publi","description":"Actualmente es una de las editoriales m\u00e1s prestigiosas en revistas de PUNTO DE CRUZ.","robots":{"index":"index","follow":"follow","max-snippet":"max-snippet:-1","max-image-preview":"max-image-preview:large","max-video-preview":"max-video-preview:-1"},"canonical":"https:\/\/alter-publi.com\/es\/revistas\/","og_locale":"es_ES","og_type":"article","og_title":"Revistas - Alter Publi","og_description":"Actualmente es una de las editoriales m\u00e1s prestigiosas en revistas de PUNTO DE CRUZ.","og_url":"https:\/\/alter-publi.com\/es\/revistas\/","og_site_name":"Alter Publi","article_modified_time":"2026-03-05T11:28:37+00:00","twitter_card":"summary_large_image","twitter_misc":{"Tiempo de lectura":"4 minutos"},"schema":{"@context":"https:\/\/schema.org","@graph":[{"@type":"WebPage","@id":"https:\/\/alter-publi.com\/es\/revistas\/","url":"https:\/\/alter-publi.com\/es\/revistas\/","name":"Revistas - Alter Publi","isPartOf":{"@id":"https:\/\/alter-publi.com\/es\/#website"},"datePublished":"2023-08-01T09:23:12+00:00","dateModified":"2026-03-05T11:28:37+00:00","description":"Actualmente es una de las editoriales m\u00e1s prestigiosas en revistas de PUNTO DE CRUZ.","breadcrumb":{"@id":"https:\/\/alter-publi.com\/es\/revistas\/#breadcrumb"},"inLanguage":"es","potentialAction":[{"@type":"ReadAction","target":["https:\/\/alter-publi.com\/es\/revistas\/"]}]},{"@type":"BreadcrumbList","@id":"https:\/\/alter-publi.com\/es\/revistas\/#breadcrumb","itemListElement":[{"@type":"ListItem","position":1,"name":"Portada","item":"https:\/\/alter-publi.com\/es\/"},{"@type":"ListItem","position":2,"name":"Revistas"}]},{"@type":"WebSite","@id":"https:\/\/alter-publi.com\/es\/#website","url":"https:\/\/alter-publi.com\/es\/","name":"Alter Publi","description":"Actualmente es una de las editoriales m\u00e1s prestigiosas en revistas de PUNTO DE CRUZ.","publisher":{"@id":"https:\/\/alter-publi.com\/es\/#organization"},"potentialAction":[{"@type":"SearchAction","target":{"@type":"EntryPoint","urlTemplate":"https:\/\/alter-publi.com\/es\/?s={search_term_string}"},"query-input":{"@type":"PropertyValueSpecification","valueRequired":true,"valueName":"search_term_string"}}],"inLanguage":"es"},{"@type":"Organization","@id":"https:\/\/alter-publi.com\/es\/#organization","name":"Alternativas Publicitarias","url":"https:\/\/alter-publi.com\/es\/","logo":{"@type":"ImageObject","inLanguage":"es","@id":"https:\/\/alter-publi.com\/es\/#\/schema\/logo\/image\/","url":"https:\/\/alter-publi.com\/wp-content\/uploads\/2023\/07\/logo-alternativas.webp","contentUrl":"https:\/\/alter-publi.com\/wp-content\/uploads\/2023\/07\/logo-alternativas.webp","width":118,"height":34,"caption":"Alternativas Publicitarias"},"image":{"@id":"https:\/\/alter-publi.com\/es\/#\/schema\/logo\/image\/"}}]}},"_links":{"self":[{"href":"https:\/\/alter-publi.com\/es\/wp-json\/wp\/v2\/pages\/88","targetHints":{"allow":["GET"]}}],"collection":[{"href":"https:\/\/alter-publi.com\/es\/wp-json\/wp\/v2\/pages"}],"about":[{"href":"https:\/\/alter-publi.com\/es\/wp-json\/wp\/v2\/types\/page"}],"author":[{"embeddable":true,"href":"https:\/\/alter-publi.com\/es\/wp-json\/wp\/v2\/users\/1"}],"replies":[{"embeddable":true,"href":"https:\/\/alter-publi.com\/es\/wp-json\/wp\/v2\/comments?post=88"}],"version-history":[{"count":30,"href":"https:\/\/alter-publi.com\/es\/wp-json\/wp\/v2\/pages\/88\/revisions"}],"predecessor-version":[{"id":418,"href":"https:\/\/alter-publi.com\/es\/wp-json\/wp\/v2\/pages\/88\/revisions\/418"}],"wp:attachment":[{"href":"https:\/\/alter-publi.com\/es\/wp-json\/wp\/v2\/media?parent=88"}],"curies":[{"name":"wp","href":"https:\/\/api.w.org\/{rel}","templated":true}]}}