{"id":36,"date":"2023-08-01T08:36:46","date_gmt":"2023-08-01T08:36:46","guid":{"rendered":"https:\/\/alter-publi.com\/?page_id=36"},"modified":"2026-03-05T11:28:36","modified_gmt":"2026-03-05T11:28:36","slug":"quienes-somos","status":"publish","type":"page","link":"https:\/\/alter-publi.com\/es\/quienes-somos\/","title":{"rendered":"Quienes somos"},"content":{"rendered":"\n<div class=\"et_pb_section_0 et_pb_section et_pb_fullwidth_section et_section_regular et_block_section et_animated cabecera-pagina\"><section class=\"et_pb_fullwidth_header_0 et_pb_fullwidth_header et_pb_bg_layout_dark et_pb_text_align_left et_pb_module et_flex_module\"><div class=\"et_pb_fullwidth_header_container left\"><div class=\"header-content-container center\"><div class=\"header-content et_flex_module\"><h1 class=\"et_pb_module_header\">Quienes somos<\/h1><div class=\"et_pb_header_button_wrapper\"><\/div><\/div><\/div><\/div><div class=\"et_pb_fullwidth_header_overlay\"><\/div><div class=\"et_pb_fullwidth_header_scroll\"><\/div><\/section><\/div><div class=\"et_pb_section_1 et_pb_section et_section_regular et_block_section\"><div class=\"et_pb_row_0 et_pb_row et_pb_gutters2 et_block_row et_animated\"><div class=\"et_pb_column_0 et_pb_column et_pb_column_3_5 et_block_column et_pb_css_mix_blend_mode_passthrough\"><div class=\"et_pb_text_0 et_pb_text et_pb_bg_layout_light et_pb_module et_block_module texto-contenido\" id=\"texto-quienesosmos\"><div class=\"et_pb_text_inner\"><p>Una Editorial fundada en Barcelona en el a\u00f1o 1987 por Ernesto Set\u00ed\u00e9n Miguel.<br \/>Actualmente los hijos, Meritxell Seti\u00e9n y Roger Seti\u00e9n son los socios capitalistas de la empresa.<\/p>\n<p>30 a\u00f1os de experiencia han hecho a la editorial l\u00edder en la edici\u00f3n y publicaci\u00f3n de revistas especializadas en lengua espa\u00f1ola.<\/p>\n<p>Define a la editorial un af\u00e1n continuo de innovaci\u00f3n y creaci\u00f3n de nuevos productos.<\/p>\n<p>Propietaria de un fondo editorial propio especializado en revistas de labores y manualidades que se distribuyen en los quioscos de todo el pa\u00eds y tiendas del sector.<\/p>\n<p>Las publicaciones est\u00e1n presentes en la mayor\u00eda de pa\u00edses de habla hispana, donde nuestra oferta es muy bien acogida.<\/p>\n<p>Una segunda unidad de negocio es el dise\u00f1o y edici\u00f3n de revistas y folletos para clientes externos que buscan crear un producto \u00fanico, diferente y de gran calidad, la creaci\u00f3n y desarrollo de un Manual de Identidad Corporativa, logotipos, marcas y asesoramiento.<\/p>\n<p>Somos un equipo formado por profesionales del sector con el af\u00e1n continuo de crear los mejores productos para el p\u00fablico m\u00e1s exigente que busca en las publicaciones, dise\u00f1o, novedad y personalidad.<\/p>\n<\/div><\/div><\/div><div class=\"et_pb_column_1 et_pb_column et_pb_column_2_5 et-last-child et_block_column et_pb_css_mix_blend_mode_passthrough\"><div class=\"et_pb_image_0 et_pb_image et_pb_module et_block_module img-full-cover\"><span class=\"et_pb_image_wrap\"><img loading=\"lazy\" decoding=\"async\" src=\"https:\/\/alter-publi.com\/wp-content\/uploads\/2023\/08\/quienes-somos-03-OK.jpg\" width=\"500\" height=\"400\" srcset=\"https:\/\/alter-publi.com\/wp-content\/uploads\/2023\/08\/quienes-somos-03-OK.jpg 500w, https:\/\/alter-publi.com\/wp-content\/uploads\/2023\/08\/quienes-somos-03-OK-480x384.jpg 480w\" sizes=\"(min-width: 0px) and (max-width: 480px) 480px, (min-width: 481px) 500px, 100vw\" class=\"wp-image-309\" title=\"quienes-somos-03-OK\" \/><\/span><\/div><\/div><\/div><div class=\"et_pb_row_1 et_pb_row et_pb_gutters2 et_block_row et_animated\"><div class=\"et_pb_column_2 et_pb_column et_pb_column_3_5 et_block_column et_pb_css_mix_blend_mode_passthrough\"><div class=\"et_pb_image_1 et_pb_image et_pb_module et_block_module img-full-cover\"><span class=\"et_pb_image_wrap\"><img loading=\"lazy\" decoding=\"async\" src=\"https:\/\/alter-publi.com\/wp-content\/uploads\/2023\/08\/valores-03-OK.jpg\" width=\"500\" height=\"400\" srcset=\"https:\/\/alter-publi.com\/wp-content\/uploads\/2023\/08\/valores-03-OK.jpg 500w, https:\/\/alter-publi.com\/wp-content\/uploads\/2023\/08\/valores-03-OK-480x384.jpg 480w\" sizes=\"(min-width: 0px) and (max-width: 480px) 480px, (min-width: 481px) 500px, 100vw\" class=\"wp-image-311\" title=\"valores-03-OK\" \/><\/span><\/div><\/div><div class=\"et_pb_column_3 et_pb_column et_pb_column_2_5 et-last-child et_block_column et_pb_css_mix_blend_mode_passthrough\"><div class=\"et_pb_text_1 et_pb_text et_pb_bg_layout_light et_pb_module et_block_module titulos-apartados-internos\"><div class=\"et_pb_text_inner\"><h1>Valores<\/h1>\n<\/div><\/div><div class=\"et_pb_text_2 et_pb_text et_pb_bg_layout_light et_pb_module et_block_module texto-contenido\" id=\"texto-quienesosmos\"><div class=\"et_pb_text_inner\"><p>Tenemos unos principios que tienen como base las personas, la \u00e9tica y la excelencia en el trabajo, nuestro objetivo es aportar todos nuestros conocimientos a la sociedad y al consumidor que conf\u00eda en nuestros productos.<\/p>\n<p>Seriedad y confianza. Nuestros clientes y consumidores son lo m\u00e1s importante.<\/p>\n<p>Nuestro trabajo se basa en satisfacerlos, en el compromiso y la confianza.<\/p>\n<p>La creatividad define a la empresa, innovaci\u00f3n y constante aprendizaje para estar siempre a la vanguardia de las \u00faltimas tendencias en dise\u00f1o y tecnolog\u00eda.<\/p>\n<\/div><\/div><\/div><\/div><\/div>\n","protected":false},"excerpt":{"rendered":"","protected":false},"author":1,"featured_media":0,"parent":0,"menu_order":0,"comment_status":"closed","ping_status":"closed","template":"","meta":{"footnotes":""},"class_list":["post-36","page","type-page","status-publish","hentry"],"yoast_head":"<!-- This site is optimized with the Yoast SEO plugin v27.6 - https:\/\/yoast.com\/product\/yoast-seo-wordpress\/ -->\n<title>Quienes somos - Alter Publi<\/title>\n<meta name=\"description\" content=\"Actualmente es una de las editoriales m\u00e1s prestigiosas en revistas de PUNTO DE CRUZ.\" \/>\n<meta name=\"robots\" content=\"index, follow, max-snippet:-1, max-image-preview:large, max-video-preview:-1\" \/>\n<link rel=\"canonical\" href=\"https:\/\/alter-publi.com\/es\/quienes-somos\/\" \/>\n<meta property=\"og:locale\" content=\"es_ES\" \/>\n<meta property=\"og:type\" content=\"article\" \/>\n<meta property=\"og:title\" content=\"Quienes somos - Alter Publi\" \/>\n<meta property=\"og:description\" content=\"Actualmente es una de las editoriales m\u00e1s prestigiosas en revistas de PUNTO DE CRUZ.\" \/>\n<meta property=\"og:url\" content=\"https:\/\/alter-publi.com\/es\/quienes-somos\/\" \/>\n<meta property=\"og:site_name\" content=\"Alter Publi\" \/>\n<meta property=\"article:modified_time\" content=\"2026-03-05T11:28:36+00:00\" \/>\n<meta name=\"twitter:card\" content=\"summary_large_image\" \/>\n<meta name=\"twitter:label1\" content=\"Tiempo de lectura\" \/>\n\t<meta name=\"twitter:data1\" content=\"2 minutos\" \/>\n<script type=\"application\/ld+json\" class=\"yoast-schema-graph\">{\"@context\":\"https:\\\/\\\/schema.org\",\"@graph\":[{\"@type\":\"WebPage\",\"@id\":\"https:\\\/\\\/alter-publi.com\\\/es\\\/quienes-somos\\\/\",\"url\":\"https:\\\/\\\/alter-publi.com\\\/es\\\/quienes-somos\\\/\",\"name\":\"Quienes somos - Alter Publi\",\"isPartOf\":{\"@id\":\"https:\\\/\\\/alter-publi.com\\\/es\\\/#website\"},\"datePublished\":\"2023-08-01T08:36:46+00:00\",\"dateModified\":\"2026-03-05T11:28:36+00:00\",\"description\":\"Actualmente es una de las editoriales m\u00e1s prestigiosas en revistas de PUNTO DE CRUZ.\",\"breadcrumb\":{\"@id\":\"https:\\\/\\\/alter-publi.com\\\/es\\\/quienes-somos\\\/#breadcrumb\"},\"inLanguage\":\"es\",\"potentialAction\":[{\"@type\":\"ReadAction\",\"target\":[\"https:\\\/\\\/alter-publi.com\\\/es\\\/quienes-somos\\\/\"]}]},{\"@type\":\"BreadcrumbList\",\"@id\":\"https:\\\/\\\/alter-publi.com\\\/es\\\/quienes-somos\\\/#breadcrumb\",\"itemListElement\":[{\"@type\":\"ListItem\",\"position\":1,\"name\":\"Portada\",\"item\":\"https:\\\/\\\/alter-publi.com\\\/es\\\/\"},{\"@type\":\"ListItem\",\"position\":2,\"name\":\"Quienes somos\"}]},{\"@type\":\"WebSite\",\"@id\":\"https:\\\/\\\/alter-publi.com\\\/es\\\/#website\",\"url\":\"https:\\\/\\\/alter-publi.com\\\/es\\\/\",\"name\":\"Alter Publi\",\"description\":\"Actualmente es una de las editoriales m\u00e1s prestigiosas en revistas de PUNTO DE CRUZ.\",\"publisher\":{\"@id\":\"https:\\\/\\\/alter-publi.com\\\/es\\\/#organization\"},\"potentialAction\":[{\"@type\":\"SearchAction\",\"target\":{\"@type\":\"EntryPoint\",\"urlTemplate\":\"https:\\\/\\\/alter-publi.com\\\/es\\\/?s={search_term_string}\"},\"query-input\":{\"@type\":\"PropertyValueSpecification\",\"valueRequired\":true,\"valueName\":\"search_term_string\"}}],\"inLanguage\":\"es\"},{\"@type\":\"Organization\",\"@id\":\"https:\\\/\\\/alter-publi.com\\\/es\\\/#organization\",\"name\":\"Alternativas Publicitarias\",\"url\":\"https:\\\/\\\/alter-publi.com\\\/es\\\/\",\"logo\":{\"@type\":\"ImageObject\",\"inLanguage\":\"es\",\"@id\":\"https:\\\/\\\/alter-publi.com\\\/es\\\/#\\\/schema\\\/logo\\\/image\\\/\",\"url\":\"https:\\\/\\\/alter-publi.com\\\/wp-content\\\/uploads\\\/2023\\\/07\\\/logo-alternativas.webp\",\"contentUrl\":\"https:\\\/\\\/alter-publi.com\\\/wp-content\\\/uploads\\\/2023\\\/07\\\/logo-alternativas.webp\",\"width\":118,\"height\":34,\"caption\":\"Alternativas Publicitarias\"},\"image\":{\"@id\":\"https:\\\/\\\/alter-publi.com\\\/es\\\/#\\\/schema\\\/logo\\\/image\\\/\"}}]}<\/script>\n<!-- \/ Yoast SEO plugin. -->","yoast_head_json":{"title":"Quienes somos - Alter Publi","description":"Actualmente es una de las editoriales m\u00e1s prestigiosas en revistas de PUNTO DE CRUZ.","robots":{"index":"index","follow":"follow","max-snippet":"max-snippet:-1","max-image-preview":"max-image-preview:large","max-video-preview":"max-video-preview:-1"},"canonical":"https:\/\/alter-publi.com\/es\/quienes-somos\/","og_locale":"es_ES","og_type":"article","og_title":"Quienes somos - Alter Publi","og_description":"Actualmente es una de las editoriales m\u00e1s prestigiosas en revistas de PUNTO DE CRUZ.","og_url":"https:\/\/alter-publi.com\/es\/quienes-somos\/","og_site_name":"Alter Publi","article_modified_time":"2026-03-05T11:28:36+00:00","twitter_card":"summary_large_image","twitter_misc":{"Tiempo de lectura":"2 minutos"},"schema":{"@context":"https:\/\/schema.org","@graph":[{"@type":"WebPage","@id":"https:\/\/alter-publi.com\/es\/quienes-somos\/","url":"https:\/\/alter-publi.com\/es\/quienes-somos\/","name":"Quienes somos - Alter Publi","isPartOf":{"@id":"https:\/\/alter-publi.com\/es\/#website"},"datePublished":"2023-08-01T08:36:46+00:00","dateModified":"2026-03-05T11:28:36+00:00","description":"Actualmente es una de las editoriales m\u00e1s prestigiosas en revistas de PUNTO DE CRUZ.","breadcrumb":{"@id":"https:\/\/alter-publi.com\/es\/quienes-somos\/#breadcrumb"},"inLanguage":"es","potentialAction":[{"@type":"ReadAction","target":["https:\/\/alter-publi.com\/es\/quienes-somos\/"]}]},{"@type":"BreadcrumbList","@id":"https:\/\/alter-publi.com\/es\/quienes-somos\/#breadcrumb","itemListElement":[{"@type":"ListItem","position":1,"name":"Portada","item":"https:\/\/alter-publi.com\/es\/"},{"@type":"ListItem","position":2,"name":"Quienes somos"}]},{"@type":"WebSite","@id":"https:\/\/alter-publi.com\/es\/#website","url":"https:\/\/alter-publi.com\/es\/","name":"Alter Publi","description":"Actualmente es una de las editoriales m\u00e1s prestigiosas en revistas de PUNTO DE CRUZ.","publisher":{"@id":"https:\/\/alter-publi.com\/es\/#organization"},"potentialAction":[{"@type":"SearchAction","target":{"@type":"EntryPoint","urlTemplate":"https:\/\/alter-publi.com\/es\/?s={search_term_string}"},"query-input":{"@type":"PropertyValueSpecification","valueRequired":true,"valueName":"search_term_string"}}],"inLanguage":"es"},{"@type":"Organization","@id":"https:\/\/alter-publi.com\/es\/#organization","name":"Alternativas Publicitarias","url":"https:\/\/alter-publi.com\/es\/","logo":{"@type":"ImageObject","inLanguage":"es","@id":"https:\/\/alter-publi.com\/es\/#\/schema\/logo\/image\/","url":"https:\/\/alter-publi.com\/wp-content\/uploads\/2023\/07\/logo-alternativas.webp","contentUrl":"https:\/\/alter-publi.com\/wp-content\/uploads\/2023\/07\/logo-alternativas.webp","width":118,"height":34,"caption":"Alternativas Publicitarias"},"image":{"@id":"https:\/\/alter-publi.com\/es\/#\/schema\/logo\/image\/"}}]}},"_links":{"self":[{"href":"https:\/\/alter-publi.com\/es\/wp-json\/wp\/v2\/pages\/36","targetHints":{"allow":["GET"]}}],"collection":[{"href":"https:\/\/alter-publi.com\/es\/wp-json\/wp\/v2\/pages"}],"about":[{"href":"https:\/\/alter-publi.com\/es\/wp-json\/wp\/v2\/types\/page"}],"author":[{"embeddable":true,"href":"https:\/\/alter-publi.com\/es\/wp-json\/wp\/v2\/users\/1"}],"replies":[{"embeddable":true,"href":"https:\/\/alter-publi.com\/es\/wp-json\/wp\/v2\/comments?post=36"}],"version-history":[{"count":32,"href":"https:\/\/alter-publi.com\/es\/wp-json\/wp\/v2\/pages\/36\/revisions"}],"predecessor-version":[{"id":417,"href":"https:\/\/alter-publi.com\/es\/wp-json\/wp\/v2\/pages\/36\/revisions\/417"}],"wp:attachment":[{"href":"https:\/\/alter-publi.com\/es\/wp-json\/wp\/v2\/media?parent=36"}],"curies":[{"name":"wp","href":"https:\/\/api.w.org\/{rel}","templated":true}]}}