{"id":183,"date":"2023-08-01T12:19:11","date_gmt":"2023-08-01T12:19:11","guid":{"rendered":"https:\/\/alter-publi.com\/?page_id=183"},"modified":"2026-03-05T11:28:39","modified_gmt":"2026-03-05T11:28:39","slug":"aviso-legal","status":"publish","type":"page","link":"https:\/\/alter-publi.com\/es\/aviso-legal\/","title":{"rendered":"Aviso legal"},"content":{"rendered":"\n<div class=\"et_pb_section_0 et_pb_section et_pb_fullwidth_section et_section_regular et_block_section et_animated cabecera-pagina\"><section class=\"et_pb_fullwidth_header_0 et_pb_fullwidth_header et_pb_bg_layout_dark et_pb_text_align_left et_pb_module et_flex_module\"><div class=\"et_pb_fullwidth_header_container left\"><div class=\"header-content-container center\"><div class=\"header-content et_flex_module\"><h1 class=\"et_pb_module_header\">Aviso legal<\/h1><div class=\"et_pb_header_button_wrapper\"><\/div><\/div><\/div><\/div><div class=\"et_pb_fullwidth_header_overlay\"><\/div><div class=\"et_pb_fullwidth_header_scroll\"><\/div><\/section><\/div><div class=\"et_pb_section_1 et_pb_section et_section_regular et_block_section\"><div class=\"et_pb_row_0 et_pb_row et_pb_gutters2 et_block_row et_animated\"><div class=\"et_pb_column_0 et_pb_column et_pb_column_4_4 et-last-child et_block_column et_pb_css_mix_blend_mode_passthrough\"><div class=\"et_pb_text_0 et_pb_text et_pb_bg_layout_light et_pb_module et_block_module texto-contenido\" id=\"texto-quienesosmos\"><div class=\"et_pb_text_inner\"><p>En cumplimiento de la Ley 34\/2002, de 11 de julio, de Servicios de la Sociedad de la Informaci\u00f3n y de Comercio electr\u00f3nico, se informa al Usuario que el titular de la p\u00e1gina web www.alter-publi.com pertenece a ALTERNATIVAS PUBLICITARIAS, S.L.\u00a0 (en adelante ALTER-PUBLI), y sus datos de identificaci\u00f3n son las siguientes:<\/p>\n<p>&nbsp;<\/p>\n<p><span style=\"text-decoration: underline;\">Domicilio:<\/span> C\/Muntaner, 374 2n 4\u00ba 08006-Barcelona<\/p>\n<p><span style=\"text-decoration: underline;\">CP:<\/span> 08006<\/p>\n<p><span style=\"text-decoration: underline;\">Poblaci\u00f3n:<\/span> Barcelona<\/p>\n<p><span style=\"text-decoration: underline;\">Provincia:<\/span> Barcelona<\/p>\n<p><span style=\"text-decoration: underline;\">NIF:<\/span> B58319336<\/p>\n<p><span style=\"text-decoration: underline;\">Correo electr\u00f3nico:<\/span> <a href=\"mailto:alternativas@alter-publi.com\">alternativas@alter-publi.com<\/a><\/p>\n<p><span style=\"text-decoration: underline;\">Datos del registro:<\/span> La sociedad est\u00e1 inscrita en el Registro Mercantil de Barcelona, en el Tomo 23124, Folio 201 y Hoja B-47849.<\/p>\n<p>&nbsp;<\/p>\n<p><strong>1.Acceder a la p\u00e1gina web<\/strong><\/p>\n<p>El aviso Legal regula el acceso y uso de los Usuarios a la p\u00e1gina web y tiene por objeto dar a conocer los productos y servicios de ALTER-PUBLI y permitir el acceso general de todos los usuarios de Internet.<\/p>\n<p>El acceso y\/o uso de la Web atribuye a quien lo realiza la condici\u00f3n de Usuario y la aceptaci\u00f3n, sin reservas de ninguna clase, de todas y cada una de las presentes condiciones generales, as\u00ed como de aquellas otras particulares que, si procede, rijan la utilizaci\u00f3n del Portal o de los servicios vinculados al mismo.<\/p>\n<p>El usuario tiene que leer atentamente el Aviso Legal y las Pol\u00edticas de Privacidad y de Cookies cuando se proponga utilizar la P\u00e1gina Web, puesto que ALTER-PUBLI se reserva la facultad de realizar, en cualquier momento y sin necesidad de ning\u00fan preaviso, cualquier modificaci\u00f3n o actualizaci\u00f3n de los contenidos y servicios, de las presentes disposiciones de acceso y uso y, en general, de cu\u00e1ntos elementos integren el dise\u00f1o y configuraci\u00f3n de su Web. Si no acepta las condiciones de acceso y uso, le rogamos se abstenga de utilizar el Web y su contenido.<\/p>\n<p>&nbsp;<\/p>\n<p><strong>2. Utilizaci\u00f3n de la p\u00e1gina web<\/strong><\/p>\n<p>El Usuario se compromete a hacer un uso diligente de la P\u00e1gina Web, as\u00ed como de la informaci\u00f3n relativa a sus servicios y actividades, con total sujeci\u00f3n tanto a la normativa aplicable, as\u00ed como con la moral y las buenas costumbres generalmente aceptadas y el orden p\u00fablico, las condiciones de acceso y uso y cualesquiera otras condiciones establecidas a la P\u00e1gina Web.<\/p>\n<p>Adem\u00e1s, se compromete a abstenerse de utilizar cualquier de los contenidos con finalidades o efectos il\u00edcitos, prohibidos en el presente texto, lesivos de los derechos e intereses de terceros, o que de cualquier forma puedan da\u00f1ar, inutilizar, sobrecargar, deteriorar o impedir la normal utilizaci\u00f3n de los contenidos, otros Usuarios o de cualquier usuario de Internet (hardware y software).<\/p>\n<p>&nbsp;<\/p>\n<p><strong>3. Funcionalmente de la p\u00e1gina web<\/strong><\/p>\n<p>En caso de incumplimiento de las condiciones del Aviso Legal, o las Pol\u00edticas de Privacidad y Cookies, ALTER-PUBLI se reserva el derecho a limitar, suspender y\/o excluir el acceso en su P\u00e1gina Web, adoptando cualquier medida t\u00e9cnica necesaria a su respeto. ALTER-PUBLI har\u00e1 lo posible para mantener la p\u00e1gina Web en buen funcionamiento, evitando errores, o bien repar\u00e1ndolos y manteniendo los contenidos actualizados. Ahora bien, ALTER-PUBLI no garantiza la disponibilidad y continuidad en el acceso en la P\u00e1gina Web ni la inexistencia de errores en el contenido.<\/p>\n<p>&nbsp;<\/p>\n<p><strong>4. Responsabilidad<\/strong><\/p>\n<p>El Usuario es el \u00fanico responsable del uso que se pueda hacer de cualquier informaci\u00f3n o mecanismo de la P\u00e1gina Web.<\/p>\n<p>ALTER-PUBLI no se har\u00e1 responsable de ning\u00fan da\u00f1o en el hardware y\/o software del Usuario que se derive del acceso y uso de la P\u00e1gina Web. As\u00ed mismo, tampoco se responsabilizar\u00e1 de estos da\u00f1os y\/o perjuicios que se puedan ocasionar por el acceso y\/o uso de la informaci\u00f3n de la P\u00e1gina Web, y en concreto de los que se puedan producir en sistemas inform\u00e1ticos o los provocados por virus \/o ataques inform\u00e1ticos, ca\u00eddas, interrupciones ausencia o defecto en las comunicaciones y\/o Internet.<\/p>\n<p>El Usuario ser\u00e1 responsable de los da\u00f1os y\/o perjuicios que ALTER-PUBLI pueda sufrir como consecuencia del incumplimiento de cualquier de los obligaciones a las que queda sometido a trav\u00e9s del presente Aviso Legal, la normativa aplicable y Pol\u00edtica de Privacidad y de Cookies.<\/p>\n<p>Si de forma excepcional en alg\u00fan producto se advirtiera un error\u00a0 en la composici\u00f3n del precio o en la descripci\u00f3n, se proceder\u00e1 a su correcci\u00f3n y,\u00a0 si hubiera una compra sobre tal producto, se advertir\u00eda de ello al eventual comprador por si deseara efectuar la compra con el precio o descripci\u00f3n una vez corregido.<\/p>\n<p>&nbsp;<\/p>\n<p><strong>5. Pol\u00edtica en materia de \u201cLinks\u201d (Web\u00a0 enlazante y enlazada)<\/strong><\/p>\n<p>Web enlazante<\/p>\n<p>Los terceros que tengan la intenci\u00f3n de incluir en una p\u00e1gina web un enlace de la presente p\u00e1gina tendr\u00e1n que cumplir con la legislaci\u00f3n vigente y no podr\u00e1n alojar contenidos que sean inapropiados, il\u00edcitos, pornogr\u00e1ficos, violentos, etc.<\/p>\n<p>En ning\u00fan caso ALTER-PUBLI se hace responsable del contenido de la P\u00e1gina Web, ni promueve, garantiza, supervisa ni recomienda los contenidos de esta.<\/p>\n<p>Si la Web enlazante incumple alguno de los aspectos anteriores estar\u00e1 obligado a suprimir el enlace de manera inmediata.<\/p>\n<p>Web enlazada<\/p>\n<p>En esta P\u00e1gina Web se pueden incluir enlaces de p\u00e1ginas web de terceros que permitan al Usuario acceder. No obstante, ALTER-PUBLI no se hace responsable del contenido de estas p\u00e1ginas web enlazadas, sino que ser\u00e1 el Usuario el encargado de aceptar y comprobar los accesos cada vez que acceda.<\/p>\n<p>Tales enlaces o menciones tienen una finalidad que no implican el apoyo, la aprobaci\u00f3n, comercializaci\u00f3n o relaci\u00f3n alguna entre la p\u00e1gina y las personas o entidades titulares de los lugares donde se encuentren.<\/p>\n<p>&nbsp;<\/p>\n<p><strong>6. Propiedad Intelectual e Industrial sobre los contenidos<\/strong><\/p>\n<p>ALTER-PUBLI o sus licenciantes, son titulares de todos los derechos de propiedad intelectual sobre los Contenidos de la P\u00e1gina Web, entendiendo como tal todos los dise\u00f1os, bases de datos, programas de ordenadores subyacentes (c\u00f3digo fuente, incluido), as\u00ed como los diferentes elementos que integran la P\u00e1gina Web (textos, gr\u00e1ficos, fotograf\u00edas, v\u00eddeos, colores, etc.), estructura, orden, etc. En relaci\u00f3n a las marcas y nombres comerciales (\u201csignos distintivos\u201d) son titularidad de ALTER-PUBLI o los licenciantes.<\/p>\n<p>&nbsp;<\/p>\n<p>El uso de la P\u00e1gina Web por parte del Usuario no supone la cesi\u00f3n de ning\u00fan derecho de propiedad intelectual ni industrial. El Usuario tiene totalmente prohibido reproducir, copiar, distribuir, poner a disposici\u00f3n o de cualquier otra forma de comunicar p\u00fablicamente, transformar o modificar los Contenidos o los Signos distintivos, salvo que se cuente con la autorizaci\u00f3n del titular de los correspondientes derechos o esto resulte legalmente permitido.<\/p>\n<p>&nbsp;<\/p>\n<p><strong>7. Publicidad\u00a0<\/strong><\/p>\n<p>En la p\u00e1gina Web podr\u00e1n alojarse contenidos publicitarios o patrocinados. Los anunciantes o patrocinadores son los \u00fanicos responsables de asegurarse que el material remitido para su inclusi\u00f3n en la Web cumple con las leyes que en cada caso puedan ser aplicables.<\/p>\n<p>&nbsp;<\/p>\n<p>ALTER-PUBLI no ser\u00e1 responsable de ning\u00fan error, inexactitud o irregularidad que puedan contener los contenidos publicitarios o de los patrocinadores.<\/p>\n<p>&nbsp;<\/p>\n<p><strong>8. Legislaci\u00f3n aplicable<\/strong><\/p>\n<p>El Aviso Legal se regir\u00e1 e interpretar\u00e1 en conformidad con la legislaci\u00f3n espa\u00f1ola.<\/p>\n<p>Para la resoluci\u00f3n de cualquier conflicto que pudiera derivarse del acceso al sitio web, se someter\u00e1n a los juzgados o tribunales pertinentes de conformidad con la normativa de consumidores y usuarios.<\/p>\n<p>&nbsp;<\/p>\n<p><strong>9. Contacto<\/strong><\/p>\n<p>Para cualquier pregunta o comentario sobre el presente aviso legal os pod\u00e9is poner en contacto con nosotros a trav\u00e9s del correo electr\u00f3nico <a href=\"mailto:alternativas@alter-publi.com\">alternativas@alter-publi.com<\/a><\/p>\n<\/div><\/div><\/div><\/div><\/div>\n","protected":false},"excerpt":{"rendered":"","protected":false},"author":1,"featured_media":0,"parent":0,"menu_order":0,"comment_status":"closed","ping_status":"closed","template":"","meta":{"footnotes":""},"class_list":["post-183","page","type-page","status-publish","hentry"],"yoast_head":"<!-- This site is optimized with the Yoast SEO plugin v27.6 - https:\/\/yoast.com\/product\/yoast-seo-wordpress\/ -->\n<title>Aviso legal - Alter Publi<\/title>\n<meta name=\"description\" content=\"Actualmente es una de las editoriales m\u00e1s prestigiosas en revistas de PUNTO DE CRUZ.\" \/>\n<meta name=\"robots\" content=\"index, follow, max-snippet:-1, max-image-preview:large, max-video-preview:-1\" \/>\n<link rel=\"canonical\" href=\"https:\/\/alter-publi.com\/es\/aviso-legal\/\" \/>\n<meta property=\"og:locale\" content=\"es_ES\" \/>\n<meta property=\"og:type\" content=\"article\" \/>\n<meta property=\"og:title\" content=\"Aviso legal - Alter Publi\" \/>\n<meta property=\"og:description\" content=\"Actualmente es una de las editoriales m\u00e1s prestigiosas en revistas de PUNTO DE CRUZ.\" \/>\n<meta property=\"og:url\" content=\"https:\/\/alter-publi.com\/es\/aviso-legal\/\" \/>\n<meta property=\"og:site_name\" content=\"Alter Publi\" \/>\n<meta property=\"article:modified_time\" content=\"2026-03-05T11:28:39+00:00\" \/>\n<meta name=\"twitter:card\" content=\"summary_large_image\" \/>\n<meta name=\"twitter:label1\" content=\"Tiempo de lectura\" \/>\n\t<meta name=\"twitter:data1\" content=\"6 minutos\" \/>\n<script type=\"application\/ld+json\" class=\"yoast-schema-graph\">{\"@context\":\"https:\\\/\\\/schema.org\",\"@graph\":[{\"@type\":\"WebPage\",\"@id\":\"https:\\\/\\\/alter-publi.com\\\/es\\\/aviso-legal\\\/\",\"url\":\"https:\\\/\\\/alter-publi.com\\\/es\\\/aviso-legal\\\/\",\"name\":\"Aviso legal - Alter Publi\",\"isPartOf\":{\"@id\":\"https:\\\/\\\/alter-publi.com\\\/es\\\/#website\"},\"datePublished\":\"2023-08-01T12:19:11+00:00\",\"dateModified\":\"2026-03-05T11:28:39+00:00\",\"description\":\"Actualmente es una de las editoriales m\u00e1s prestigiosas en revistas de PUNTO DE CRUZ.\",\"breadcrumb\":{\"@id\":\"https:\\\/\\\/alter-publi.com\\\/es\\\/aviso-legal\\\/#breadcrumb\"},\"inLanguage\":\"es\",\"potentialAction\":[{\"@type\":\"ReadAction\",\"target\":[\"https:\\\/\\\/alter-publi.com\\\/es\\\/aviso-legal\\\/\"]}]},{\"@type\":\"BreadcrumbList\",\"@id\":\"https:\\\/\\\/alter-publi.com\\\/es\\\/aviso-legal\\\/#breadcrumb\",\"itemListElement\":[{\"@type\":\"ListItem\",\"position\":1,\"name\":\"Portada\",\"item\":\"https:\\\/\\\/alter-publi.com\\\/es\\\/\"},{\"@type\":\"ListItem\",\"position\":2,\"name\":\"Aviso legal\"}]},{\"@type\":\"WebSite\",\"@id\":\"https:\\\/\\\/alter-publi.com\\\/es\\\/#website\",\"url\":\"https:\\\/\\\/alter-publi.com\\\/es\\\/\",\"name\":\"Alter Publi\",\"description\":\"Actualmente es una de las editoriales m\u00e1s prestigiosas en revistas de PUNTO DE CRUZ.\",\"publisher\":{\"@id\":\"https:\\\/\\\/alter-publi.com\\\/es\\\/#organization\"},\"potentialAction\":[{\"@type\":\"SearchAction\",\"target\":{\"@type\":\"EntryPoint\",\"urlTemplate\":\"https:\\\/\\\/alter-publi.com\\\/es\\\/?s={search_term_string}\"},\"query-input\":{\"@type\":\"PropertyValueSpecification\",\"valueRequired\":true,\"valueName\":\"search_term_string\"}}],\"inLanguage\":\"es\"},{\"@type\":\"Organization\",\"@id\":\"https:\\\/\\\/alter-publi.com\\\/es\\\/#organization\",\"name\":\"Alternativas Publicitarias\",\"url\":\"https:\\\/\\\/alter-publi.com\\\/es\\\/\",\"logo\":{\"@type\":\"ImageObject\",\"inLanguage\":\"es\",\"@id\":\"https:\\\/\\\/alter-publi.com\\\/es\\\/#\\\/schema\\\/logo\\\/image\\\/\",\"url\":\"https:\\\/\\\/alter-publi.com\\\/wp-content\\\/uploads\\\/2023\\\/07\\\/logo-alternativas.webp\",\"contentUrl\":\"https:\\\/\\\/alter-publi.com\\\/wp-content\\\/uploads\\\/2023\\\/07\\\/logo-alternativas.webp\",\"width\":118,\"height\":34,\"caption\":\"Alternativas Publicitarias\"},\"image\":{\"@id\":\"https:\\\/\\\/alter-publi.com\\\/es\\\/#\\\/schema\\\/logo\\\/image\\\/\"}}]}<\/script>\n<!-- \/ Yoast SEO plugin. -->","yoast_head_json":{"title":"Aviso legal - Alter Publi","description":"Actualmente es una de las editoriales m\u00e1s prestigiosas en revistas de PUNTO DE CRUZ.","robots":{"index":"index","follow":"follow","max-snippet":"max-snippet:-1","max-image-preview":"max-image-preview:large","max-video-preview":"max-video-preview:-1"},"canonical":"https:\/\/alter-publi.com\/es\/aviso-legal\/","og_locale":"es_ES","og_type":"article","og_title":"Aviso legal - Alter Publi","og_description":"Actualmente es una de las editoriales m\u00e1s prestigiosas en revistas de PUNTO DE CRUZ.","og_url":"https:\/\/alter-publi.com\/es\/aviso-legal\/","og_site_name":"Alter Publi","article_modified_time":"2026-03-05T11:28:39+00:00","twitter_card":"summary_large_image","twitter_misc":{"Tiempo de lectura":"6 minutos"},"schema":{"@context":"https:\/\/schema.org","@graph":[{"@type":"WebPage","@id":"https:\/\/alter-publi.com\/es\/aviso-legal\/","url":"https:\/\/alter-publi.com\/es\/aviso-legal\/","name":"Aviso legal - Alter Publi","isPartOf":{"@id":"https:\/\/alter-publi.com\/es\/#website"},"datePublished":"2023-08-01T12:19:11+00:00","dateModified":"2026-03-05T11:28:39+00:00","description":"Actualmente es una de las editoriales m\u00e1s prestigiosas en revistas de PUNTO DE CRUZ.","breadcrumb":{"@id":"https:\/\/alter-publi.com\/es\/aviso-legal\/#breadcrumb"},"inLanguage":"es","potentialAction":[{"@type":"ReadAction","target":["https:\/\/alter-publi.com\/es\/aviso-legal\/"]}]},{"@type":"BreadcrumbList","@id":"https:\/\/alter-publi.com\/es\/aviso-legal\/#breadcrumb","itemListElement":[{"@type":"ListItem","position":1,"name":"Portada","item":"https:\/\/alter-publi.com\/es\/"},{"@type":"ListItem","position":2,"name":"Aviso legal"}]},{"@type":"WebSite","@id":"https:\/\/alter-publi.com\/es\/#website","url":"https:\/\/alter-publi.com\/es\/","name":"Alter Publi","description":"Actualmente es una de las editoriales m\u00e1s prestigiosas en revistas de PUNTO DE CRUZ.","publisher":{"@id":"https:\/\/alter-publi.com\/es\/#organization"},"potentialAction":[{"@type":"SearchAction","target":{"@type":"EntryPoint","urlTemplate":"https:\/\/alter-publi.com\/es\/?s={search_term_string}"},"query-input":{"@type":"PropertyValueSpecification","valueRequired":true,"valueName":"search_term_string"}}],"inLanguage":"es"},{"@type":"Organization","@id":"https:\/\/alter-publi.com\/es\/#organization","name":"Alternativas Publicitarias","url":"https:\/\/alter-publi.com\/es\/","logo":{"@type":"ImageObject","inLanguage":"es","@id":"https:\/\/alter-publi.com\/es\/#\/schema\/logo\/image\/","url":"https:\/\/alter-publi.com\/wp-content\/uploads\/2023\/07\/logo-alternativas.webp","contentUrl":"https:\/\/alter-publi.com\/wp-content\/uploads\/2023\/07\/logo-alternativas.webp","width":118,"height":34,"caption":"Alternativas Publicitarias"},"image":{"@id":"https:\/\/alter-publi.com\/es\/#\/schema\/logo\/image\/"}}]}},"_links":{"self":[{"href":"https:\/\/alter-publi.com\/es\/wp-json\/wp\/v2\/pages\/183","targetHints":{"allow":["GET"]}}],"collection":[{"href":"https:\/\/alter-publi.com\/es\/wp-json\/wp\/v2\/pages"}],"about":[{"href":"https:\/\/alter-publi.com\/es\/wp-json\/wp\/v2\/types\/page"}],"author":[{"embeddable":true,"href":"https:\/\/alter-publi.com\/es\/wp-json\/wp\/v2\/users\/1"}],"replies":[{"embeddable":true,"href":"https:\/\/alter-publi.com\/es\/wp-json\/wp\/v2\/comments?post=183"}],"version-history":[{"count":7,"href":"https:\/\/alter-publi.com\/es\/wp-json\/wp\/v2\/pages\/183\/revisions"}],"predecessor-version":[{"id":421,"href":"https:\/\/alter-publi.com\/es\/wp-json\/wp\/v2\/pages\/183\/revisions\/421"}],"wp:attachment":[{"href":"https:\/\/alter-publi.com\/es\/wp-json\/wp\/v2\/media?parent=183"}],"curies":[{"name":"wp","href":"https:\/\/api.w.org\/{rel}","templated":true}]}}